{"id":11,"date":"2017-05-07T05:24:00","date_gmt":"2017-05-07T05:24:00","guid":{"rendered":"http:\/\/semba-it.de\/?page_id=11"},"modified":"2017-06-07T18:13:37","modified_gmt":"2017-06-07T18:13:37","slug":"projektmanagement","status":"publish","type":"page","link":"https:\/\/semba-it.de\/?page_id=11","title":{"rendered":"Projektmanagement"},"content":{"rendered":"<p>Bei der Einf\u00fchrung, der Weiterentwicklung oder auch beim Betrieb von IT-L\u00f6sungen werden heutzutage viele verschiedenen Experten und Fachbereiche ben\u00f6tigt. Durch diese gestiegenen fachlichen und technischen Anforderungen ist ein funktionierendes IT-Projektmanagement unumg\u00e4nglich.<\/p>\n<p>Das setzt neben technischen Know-how und Branchenkenntnis vor allem Prozess- und Methodenkompetenzen bei ihrem zuk\u00fcnftigen Projektleiter voraus.<\/p>\n<p>Wir betreuen Sie bei allen Fragen rund um \u2026<\/p>\n<ul>\n<li>Leitung von IT-Projekten<\/li>\n<li>Definition und Abgrenzung des Projektrahmens<\/li>\n<li>Planung und Steuerung von Terminen und Ressourcen<\/li>\n<li>Kostenmanagement<\/li>\n<li>Stakeholdermanagement<\/li>\n<li>Risikomanagement<\/li>\n<li>Qualit\u00e4tsmanagement<\/li>\n<\/ul>\n<p>Kontaktieren sie mich direkt unter <a href=\"mailto:Michael@Semba-IT.de\">Michael@Semba-IT.de<\/a><\/p>\n","protected":false},"excerpt":{"rendered":"<p>Bei der Einf\u00fchrung, der Weiterentwicklung oder auch beim Betrieb von IT-L\u00f6sungen werden heutzutage viele verschiedenen Experten und Fachbereiche ben\u00f6tigt. Durch diese gestiegenen fachlichen und technischen Anforderungen ist ein funktionierendes IT-Projektmanagement unumg\u00e4nglich. Das setzt neben technischen Know-how und Branchenkenntnis vor allem Prozess- und Methodenkompetenzen bei ihrem zuk\u00fcnftigen Projektleiter voraus. Wir betreuen Sie bei allen Fragen rund um \u2026 Leitung von IT-Projekten<\/p>\n<p><a class=\"more-link\" href=\"https:\/\/semba-it.de\/?page_id=11\">Weiterlesen<\/a><\/p>\n","protected":false},"author":1,"featured_media":0,"parent":0,"menu_order":0,"comment_status":"closed","ping_status":"closed","template":"","meta":{"footnotes":""},"class_list":["post-11","page","type-page","status-publish","hentry"],"_links":{"self":[{"href":"https:\/\/semba-it.de\/index.php?rest_route=\/wp\/v2\/pages\/11","targetHints":{"allow":["GET"]}}],"collection":[{"href":"https:\/\/semba-it.de\/index.php?rest_route=\/wp\/v2\/pages"}],"about":[{"href":"https:\/\/semba-it.de\/index.php?rest_route=\/wp\/v2\/types\/page"}],"author":[{"embeddable":true,"href":"https:\/\/semba-it.de\/index.php?rest_route=\/wp\/v2\/users\/1"}],"replies":[{"embeddable":true,"href":"https:\/\/semba-it.de\/index.php?rest_route=%2Fwp%2Fv2%2Fcomments&post=11"}],"version-history":[{"count":2,"href":"https:\/\/semba-it.de\/index.php?rest_route=\/wp\/v2\/pages\/11\/revisions"}],"predecessor-version":[{"id":95,"href":"https:\/\/semba-it.de\/index.php?rest_route=\/wp\/v2\/pages\/11\/revisions\/95"}],"wp:attachment":[{"href":"https:\/\/semba-it.de\/index.php?rest_route=%2Fwp%2Fv2%2Fmedia&parent=11"}],"curies":[{"name":"wp","href":"https:\/\/api.w.org\/{rel}","templated":true}]}}